{"id":3273,"date":"2023-03-23T10:37:27","date_gmt":"2023-03-23T09:37:27","guid":{"rendered":"https:\/\/iniziar.com\/karuanabogados\/?page_id=3273"},"modified":"2023-03-30T21:43:59","modified_gmt":"2023-03-30T20:43:59","slug":"la-firma","status":"publish","type":"page","link":"https:\/\/karuanabogados.com\/?page_id=3273","title":{"rendered":"La firma"},"content":{"rendered":"<div id='full_slider_1'  class='avia-fullwidth-slider main_color avia-shadow   avia-builder-el-0  el_before_av_one_fifth  avia-builder-el-first   container_wrap sidebar_right'  ><div  class='avia-slideshow av-lfsgr0p4-e7b86c2649129a0100716d32c43fb958 avia-slideshow-no scaling av_slideshow_full avia-slide-slider av-slideshow-ui av-control-default av-slideshow-manual av-loop-once av-loop-manual-endless av-default-height-applied   avia-slideshow-1' data-slideshow-options=\"{&quot;animation&quot;:&quot;slide&quot;,&quot;autoplay&quot;:false,&quot;loop_autoplay&quot;:&quot;once&quot;,&quot;interval&quot;:5,&quot;loop_manual&quot;:&quot;manual-endless&quot;,&quot;autoplay_stopper&quot;:false,&quot;noNavigation&quot;:false,&quot;bg_slider&quot;:false,&quot;keep_padding&quot;:false,&quot;hoverpause&quot;:false,&quot;show_slide_delay&quot;:0}\"  itemprop=\"image\" itemscope=\"itemscope\" itemtype=\"https:\/\/schema.org\/ImageObject\" ><ul class='avia-slideshow-inner ' style='padding-bottom: 13.333333333333%;'><li  class='avia-slideshow-slide av-lfsgr0p4-e7b86c2649129a0100716d32c43fb958__0  av-single-slide slide-1 slide-odd'><div data-rel='slideshow-1' class='avia-slide-wrap '   ><img decoding=\"async\" class=\"wp-image-3325 avia-img-lazy-loading-not-3325\"  src=\"https:\/\/karuanabogados.com\/wp-content\/uploads\/2023\/03\/1500x200-la-firma.jpg\" width=\"1500\" height=\"200\" title='1500x200-la-firma' alt=''  itemprop=\"thumbnailUrl\" srcset=\"https:\/\/karuanabogados.com\/wp-content\/uploads\/2023\/03\/1500x200-la-firma.jpg 1500w, https:\/\/karuanabogados.com\/wp-content\/uploads\/2023\/03\/1500x200-la-firma-300x40.jpg 300w, https:\/\/karuanabogados.com\/wp-content\/uploads\/2023\/03\/1500x200-la-firma-1030x137.jpg 1030w, https:\/\/karuanabogados.com\/wp-content\/uploads\/2023\/03\/1500x200-la-firma-768x102.jpg 768w, https:\/\/karuanabogados.com\/wp-content\/uploads\/2023\/03\/1500x200-la-firma-705x94.jpg 705w\" sizes=\"(max-width: 1500px) 100vw, 1500px\" \/><\/div><\/li><\/ul><\/div><\/div><div id='after_full_slider_1'  class='main_color av_default_container_wrap container_wrap sidebar_right'  ><div class='container av-section-cont-open' ><div class='template-page content  av-content-small alpha units'><div class='post-entry post-entry-type-page post-entry-3273'><div class='entry-content-wrapper clearfix'>\n<div class='flex_column av-35bi3d-6b536eadeeb182fece94857c70670718 av_one_fifth  avia-builder-el-1  el_after_av_slideshow_full  el_before_av_three_fifth  avia-builder-el-first  first flex_column_div '     ><\/div>\n<div class='flex_column av-4lu5d5-235bb6c3cdc05be37e63dbda78d805a2 av_three_fifth  avia-builder-el-2  el_after_av_one_fifth  el_before_av_one_fifth  flex_column_div '     ><section  class='av_textblock_section av-lfkx6oxi-b0d8fa548defde5ffd5578bd66aaf803'  itemscope=\"itemscope\" itemtype=\"https:\/\/schema.org\/CreativeWork\" ><div class='avia_textblock'  itemprop=\"text\" ><h1 style=\"text-align: center;\">La firma<\/h1>\n<p style=\"text-align: center;\"><em>Combinamos nuestros m\u00e1s de 30 a\u00f1os de experiencia en la prosecuci\u00f3n del \u00e9xito de nuestros clientes, con los recursos globales de nuestros aliados y red de colaboradores en Latinoam\u00e9rica y Estados Unidos, para garantizar a nuestros clientes el mejor asesoramiento y representaci\u00f3n integral en todas las \u00e1reas y lugares donde requieran nuestros servicios legales y\/o de negocios.<\/em><\/p>\n<\/div><\/section><\/div>\n<div class='flex_column av-6arnex-a085409c09b6099a8c8d6f958e341331 av_one_fifth  avia-builder-el-4  el_after_av_three_fifth  el_before_av_one_fourth  flex_column_div '     ><\/div>\n<div class='flex_column av-av_one_fourth-7714eba142aeda1f8b5272a3c372b279 av_one_fourth  avia-builder-el-5  el_after_av_one_fifth  el_before_av_one_half  first flex_column_div column-top-margin'     ><\/div>\n<div class='flex_column av-410u21-53a964f5052f3b1311512351bdd6ce80 av_one_half  avia-builder-el-6  el_after_av_one_fourth  el_before_av_one_fourth  flex_column_div column-top-margin'     ><p>\n<style type=\"text\/css\" data-created_by=\"avia_inline_auto\" id=\"style-css-av-lfvkzgqu-ab507066b01e984ff93793578b1196cd\">\n.avia-image-container.av-lfvkzgqu-ab507066b01e984ff93793578b1196cd img.avia_image{\nbox-shadow:none;\n}\n.avia-image-container.av-lfvkzgqu-ab507066b01e984ff93793578b1196cd .av-image-caption-overlay-center{\ncolor:#ffffff;\n}\n<\/style>\n<div  class='avia-image-container av-lfvkzgqu-ab507066b01e984ff93793578b1196cd av-styling- avia_animated_image av-animated-when-visible-95 fade-in avia-align-center  avia-builder-el-7  el_before_av_image  avia-builder-el-first '   itemprop=\"image\" itemscope=\"itemscope\" itemtype=\"https:\/\/schema.org\/ImageObject\" ><div class=\"avia-image-container-inner\"><div class=\"avia-image-overlay-wrap\"><img decoding=\"async\" class='wp-image-3381 avia-img-lazy-loading-not-3381 avia_image ' src=\"https:\/\/karuanabogados.com\/wp-content\/uploads\/2023\/03\/Equipo-Karuan-Abogados-3.jpeg\" alt='' title='Karuan Abogados 3'  height=\"938\" width=\"1024\"  itemprop=\"thumbnailUrl\" srcset=\"https:\/\/karuanabogados.com\/wp-content\/uploads\/2023\/03\/Equipo-Karuan-Abogados-3.jpeg 1024w, https:\/\/karuanabogados.com\/wp-content\/uploads\/2023\/03\/Equipo-Karuan-Abogados-3-300x275.jpeg 300w, https:\/\/karuanabogados.com\/wp-content\/uploads\/2023\/03\/Equipo-Karuan-Abogados-3-768x704.jpeg 768w, https:\/\/karuanabogados.com\/wp-content\/uploads\/2023\/03\/Equipo-Karuan-Abogados-3-705x646.jpeg 705w\" sizes=\"(max-width: 1024px) 100vw, 1024px\" \/><\/div><\/div><\/div><br \/>\n\n<style type=\"text\/css\" data-created_by=\"avia_inline_auto\" id=\"style-css-av-lfvkzqfk-4e44b1faace580ec590b6c75c6a24ba1\">\n.avia-image-container.av-lfvkzqfk-4e44b1faace580ec590b6c75c6a24ba1 img.avia_image{\nbox-shadow:none;\n}\n.avia-image-container.av-lfvkzqfk-4e44b1faace580ec590b6c75c6a24ba1 .av-image-caption-overlay-center{\ncolor:#ffffff;\n}\n<\/style>\n<div  class='avia-image-container av-lfvkzqfk-4e44b1faace580ec590b6c75c6a24ba1 av-styling- avia_animated_image av-animated-when-visible-95 fade-in avia-align-center  avia-builder-el-8  el_after_av_image  el_before_av_image '   itemprop=\"image\" itemscope=\"itemscope\" itemtype=\"https:\/\/schema.org\/ImageObject\" ><div class=\"avia-image-container-inner\"><div class=\"avia-image-overlay-wrap\"><img decoding=\"async\" class='wp-image-3383 avia-img-lazy-loading-not-3383 avia_image ' src=\"https:\/\/karuanabogados.com\/wp-content\/uploads\/2023\/03\/Equipo-Karuan-Abogados-5.jpeg\" alt='' title='Equipo Karuan Abogados 5'  height=\"753\" width=\"1024\"  itemprop=\"thumbnailUrl\" srcset=\"https:\/\/karuanabogados.com\/wp-content\/uploads\/2023\/03\/Equipo-Karuan-Abogados-5.jpeg 1024w, https:\/\/karuanabogados.com\/wp-content\/uploads\/2023\/03\/Equipo-Karuan-Abogados-5-300x221.jpeg 300w, https:\/\/karuanabogados.com\/wp-content\/uploads\/2023\/03\/Equipo-Karuan-Abogados-5-768x565.jpeg 768w, https:\/\/karuanabogados.com\/wp-content\/uploads\/2023\/03\/Equipo-Karuan-Abogados-5-705x518.jpeg 705w\" sizes=\"(max-width: 1024px) 100vw, 1024px\" \/><\/div><\/div><\/div><br \/>\n\n<style type=\"text\/css\" data-created_by=\"avia_inline_auto\" id=\"style-css-av-lfvl08o5-bb30437473e10b7f97e0e596f24432a6\">\n.avia-image-container.av-lfvl08o5-bb30437473e10b7f97e0e596f24432a6 img.avia_image{\nbox-shadow:none;\n}\n.avia-image-container.av-lfvl08o5-bb30437473e10b7f97e0e596f24432a6 .av-image-caption-overlay-center{\ncolor:#ffffff;\n}\n<\/style>\n<div  class='avia-image-container av-lfvl08o5-bb30437473e10b7f97e0e596f24432a6 av-styling- avia_animated_image av-animated-when-visible-95 fade-in avia-align-center  avia-builder-el-9  el_after_av_image  el_before_av_image '   itemprop=\"image\" itemscope=\"itemscope\" itemtype=\"https:\/\/schema.org\/ImageObject\" ><div class=\"avia-image-container-inner\"><div class=\"avia-image-overlay-wrap\"><img decoding=\"async\" class='wp-image-3380 avia-img-lazy-loading-not-3380 avia_image ' src=\"https:\/\/karuanabogados.com\/wp-content\/uploads\/2023\/03\/Equipo-Karuan-Abogados-2.jpeg\" alt='' title='Karuan Abogados'  height=\"716\" width=\"1024\"  itemprop=\"thumbnailUrl\" srcset=\"https:\/\/karuanabogados.com\/wp-content\/uploads\/2023\/03\/Equipo-Karuan-Abogados-2.jpeg 1024w, https:\/\/karuanabogados.com\/wp-content\/uploads\/2023\/03\/Equipo-Karuan-Abogados-2-300x210.jpeg 300w, https:\/\/karuanabogados.com\/wp-content\/uploads\/2023\/03\/Equipo-Karuan-Abogados-2-768x537.jpeg 768w, https:\/\/karuanabogados.com\/wp-content\/uploads\/2023\/03\/Equipo-Karuan-Abogados-2-705x493.jpeg 705w\" sizes=\"(max-width: 1024px) 100vw, 1024px\" \/><\/div><\/div><\/div><br \/>\n\n<style type=\"text\/css\" data-created_by=\"avia_inline_auto\" id=\"style-css-av-lfvl0orn-4414d16a3bb409189555ec39fba793d6\">\n.avia-image-container.av-lfvl0orn-4414d16a3bb409189555ec39fba793d6 img.avia_image{\nbox-shadow:none;\n}\n.avia-image-container.av-lfvl0orn-4414d16a3bb409189555ec39fba793d6 .av-image-caption-overlay-center{\ncolor:#ffffff;\n}\n<\/style>\n<div  class='avia-image-container av-lfvl0orn-4414d16a3bb409189555ec39fba793d6 av-styling- avia_animated_image av-animated-when-visible-95 fade-in avia-align-center  avia-builder-el-10  el_after_av_image  avia-builder-el-last '   itemprop=\"image\" itemscope=\"itemscope\" itemtype=\"https:\/\/schema.org\/ImageObject\" ><div class=\"avia-image-container-inner\"><div class=\"avia-image-overlay-wrap\"><img decoding=\"async\" class='wp-image-3382 avia-img-lazy-loading-not-3382 avia_image ' src=\"https:\/\/karuanabogados.com\/wp-content\/uploads\/2023\/03\/Equipo-Karuan-Abogados-4.jpeg\" alt='' title='Equipo Karuan Abogados 4'  height=\"1024\" width=\"826\"  itemprop=\"thumbnailUrl\" srcset=\"https:\/\/karuanabogados.com\/wp-content\/uploads\/2023\/03\/Equipo-Karuan-Abogados-4.jpeg 826w, https:\/\/karuanabogados.com\/wp-content\/uploads\/2023\/03\/Equipo-Karuan-Abogados-4-242x300.jpeg 242w, https:\/\/karuanabogados.com\/wp-content\/uploads\/2023\/03\/Equipo-Karuan-Abogados-4-768x952.jpeg 768w, https:\/\/karuanabogados.com\/wp-content\/uploads\/2023\/03\/Equipo-Karuan-Abogados-4-569x705.jpeg 569w\" sizes=\"(max-width: 826px) 100vw, 826px\" \/><\/div><\/div><\/div><\/p><\/div>\n<div class='flex_column av-2iwqvt-19335015609d837dd8a06ba504b42139 av_one_fourth  avia-builder-el-11  el_after_av_one_half  avia-builder-el-last  flex_column_div column-top-margin'     ><\/div>\n","protected":false},"excerpt":{"rendered":"","protected":false},"author":1,"featured_media":0,"parent":0,"menu_order":0,"comment_status":"closed","ping_status":"closed","template":"","meta":{"footnotes":""},"class_list":["post-3273","page","type-page","status-publish","hentry"],"_links":{"self":[{"href":"https:\/\/karuanabogados.com\/index.php?rest_route=\/wp\/v2\/pages\/3273","targetHints":{"allow":["GET"]}}],"collection":[{"href":"https:\/\/karuanabogados.com\/index.php?rest_route=\/wp\/v2\/pages"}],"about":[{"href":"https:\/\/karuanabogados.com\/index.php?rest_route=\/wp\/v2\/types\/page"}],"author":[{"embeddable":true,"href":"https:\/\/karuanabogados.com\/index.php?rest_route=\/wp\/v2\/users\/1"}],"replies":[{"embeddable":true,"href":"https:\/\/karuanabogados.com\/index.php?rest_route=%2Fwp%2Fv2%2Fcomments&post=3273"}],"version-history":[{"count":10,"href":"https:\/\/karuanabogados.com\/index.php?rest_route=\/wp\/v2\/pages\/3273\/revisions"}],"predecessor-version":[{"id":3388,"href":"https:\/\/karuanabogados.com\/index.php?rest_route=\/wp\/v2\/pages\/3273\/revisions\/3388"}],"wp:attachment":[{"href":"https:\/\/karuanabogados.com\/index.php?rest_route=%2Fwp%2Fv2%2Fmedia&parent=3273"}],"curies":[{"name":"wp","href":"https:\/\/api.w.org\/{rel}","templated":true}]}}