{"id":3293,"date":"2023-03-23T10:55:53","date_gmt":"2023-03-23T09:55:53","guid":{"rendered":"https:\/\/iniziar.com\/karuanabogados\/?page_id=3293"},"modified":"2023-05-16T19:38:24","modified_gmt":"2023-05-16T18:38:24","slug":"especialistas","status":"publish","type":"page","link":"https:\/\/karuanabogados.com\/?page_id=3293","title":{"rendered":"Especialistas"},"content":{"rendered":"<div id='full_slider_1'  class='avia-fullwidth-slider main_color avia-shadow   avia-builder-el-0  el_before_av_one_full  avia-builder-el-first   container_wrap sidebar_right'  ><div  class='avia-slideshow av-lfskjgcr-7cb48d42ef5066427d51aecdfa59acc9 avia-slideshow-featured av_slideshow_full avia-slide-slider av-slideshow-ui av-control-default av-slideshow-manual av-loop-once av-loop-manual-endless av-default-height-applied   avia-slideshow-1' data-slideshow-options=\"{&quot;animation&quot;:&quot;slide&quot;,&quot;autoplay&quot;:false,&quot;loop_autoplay&quot;:&quot;once&quot;,&quot;interval&quot;:5,&quot;loop_manual&quot;:&quot;manual-endless&quot;,&quot;autoplay_stopper&quot;:false,&quot;noNavigation&quot;:false,&quot;bg_slider&quot;:false,&quot;keep_padding&quot;:false,&quot;hoverpause&quot;:false,&quot;show_slide_delay&quot;:0}\"  itemprop=\"image\" itemscope=\"itemscope\" itemtype=\"https:\/\/schema.org\/ImageObject\" ><ul class='avia-slideshow-inner ' style='padding-bottom: 13.333333333333%;'><li  class='avia-slideshow-slide av-lfskjgcr-7cb48d42ef5066427d51aecdfa59acc9__0  av-single-slide slide-1 slide-odd'><div data-rel='slideshow-1' class='avia-slide-wrap '   ><img decoding=\"async\" class=\"wp-image-3346 avia-img-lazy-loading-not-3346\"  src=\"https:\/\/karuanabogados.com\/wp-content\/uploads\/2023\/03\/1500x200-equipo-karuan-bufete-abogados-madrid.jpg\" width=\"1500\" height=\"200\" title='1500x200-equipo-karuan-bufete-abogados-madrid' alt=''  itemprop=\"thumbnailUrl\" srcset=\"https:\/\/karuanabogados.com\/wp-content\/uploads\/2023\/03\/1500x200-equipo-karuan-bufete-abogados-madrid.jpg 1500w, https:\/\/karuanabogados.com\/wp-content\/uploads\/2023\/03\/1500x200-equipo-karuan-bufete-abogados-madrid-300x40.jpg 300w, https:\/\/karuanabogados.com\/wp-content\/uploads\/2023\/03\/1500x200-equipo-karuan-bufete-abogados-madrid-1030x137.jpg 1030w, https:\/\/karuanabogados.com\/wp-content\/uploads\/2023\/03\/1500x200-equipo-karuan-bufete-abogados-madrid-768x102.jpg 768w, https:\/\/karuanabogados.com\/wp-content\/uploads\/2023\/03\/1500x200-equipo-karuan-bufete-abogados-madrid-705x94.jpg 705w\" sizes=\"(max-width: 1500px) 100vw, 1500px\" \/><\/div><\/li><\/ul><\/div><\/div><div id='after_full_slider_1'  class='main_color av_default_container_wrap container_wrap sidebar_right'  ><div class='container av-section-cont-open' ><div class='template-page content  av-content-small alpha units'><div class='post-entry post-entry-type-page post-entry-3293'><div class='entry-content-wrapper clearfix'>\n<div class='flex_column av-awiml-522398bce03fd77c7f39cfacd0584910 av_one_full  avia-builder-el-1  el_after_av_slideshow_full  el_before_av_hr  avia-builder-el-first  first flex_column_div '     ><section  class='av_textblock_section av-lfkxu8gl-269207bddf6f006d2b51bb216db33355'  itemscope=\"itemscope\" itemtype=\"https:\/\/schema.org\/CreativeWork\" ><div class='avia_textblock'  itemprop=\"text\" ><h1 style=\"text-align: center;\">Nuestro equipo<\/h1>\n<p style=\"text-align: center;\"><em>Somos un despacho profesional que presta servicios de asesoramiento empresarial en sus m\u00e1s amplios t\u00e9rminos. Con el objetivo de cubrir todas las necesidades de su empresa, en Karuan Abogados contamos con personal altamente cualificado en cada uno de los sectores de la actividad.<\/em><\/p>\n<\/div><\/section><\/div>\n<div  class='hr av-lfsok5l9-30e1507bd486daaed502efcbf5e792d5 hr-short  avia-builder-el-3  el_after_av_one_full  el_before_av_textblock  hr-center'><span class='hr-inner '><span class=\"hr-inner-style\"><\/span><\/span><\/div>\n<section  class='av_textblock_section av-lfsol0y3-be802f2d7ed86bae8007ed39df5b7491'  itemscope=\"itemscope\" itemtype=\"https:\/\/schema.org\/CreativeWork\" ><div class='avia_textblock'  itemprop=\"text\" ><h3><strong>Carlos M\u00e9ndez Mu\u00f1oz<\/strong><\/h3>\n<p><img loading=\"lazy\" decoding=\"async\" class=\"wp-image-3405 size-full alignleft\" src=\"https:\/\/karuanabogados.com\/wp-content\/uploads\/2023\/05\/carlos-mendez.jpg\" alt=\"\" width=\"254\" height=\"340\" srcset=\"https:\/\/karuanabogados.com\/wp-content\/uploads\/2023\/05\/carlos-mendez.jpg 254w, https:\/\/karuanabogados.com\/wp-content\/uploads\/2023\/05\/carlos-mendez-224x300.jpg 224w\" sizes=\"auto, (max-width: 254px) 100vw, 254px\" \/>Abogado Licenciado por la Universidad Carlos III de Madrid, con Especialidad en Derecho Comunitario, de la mano del maestro y Rector el Ilustr\u00edsimo D. Gregorio Peces Barba, con m\u00e1s de 20 a\u00f1os de experiencia como Letrado litigador de los Tribunales, destacando en el \u00e1rea penal, civil, mercantil y laboral.<\/p>\n<p>Han sido m\u00faltiples los master y grados realizados a trav\u00e9s del Ilustre Colegio de Abogados de Madrid, en los que destacan los realizados en el \u00e1rea de familia y matrimonial, master en la agencia de protecci\u00f3n de datos, m\u00e1ster en herencias sucesorias, \u00e1rea penal en el \u00e1mbito de violencia de g\u00e9nero (en ambos sentidos), Jurisdicci\u00f3n ante el Tribunal del Jurado, obteniendo la medalla de honor en el a\u00f1o 2014 en el turno de oficio, del cual sigue siendo activo letrado para estar en la m\u00e1xima actualidad del derecho real.<\/p>\n<p>Ha participado como conferencista e instructor en foros a trav\u00e9s del Tribunal de Cuentas, y ponencias sobre la realidad jur\u00eddico procesal en el \u00e1mbito penal y mercantil. Su andadura profesional en solitario data desde el a\u00f1o 2010, y suponiendo un continuo reto en conseguir distintos objetivos, hasta unificar un nutrido grupo de profesionales que permiten lanzar un sin fin de distintas posibilidades a los clientes que demandan sus servicios profesionales, dando las mejores soluciones a los distintos retos que se plantean, en las distintas ramas, a trav\u00e9s de abogados especializados en la rama fiscal, penal, civil, mercantil, y laboral.<\/p>\n<p>Procurando y teniendo por estandarte que la soluci\u00f3n siempre existe.<\/p>\n<p>Ver perfil en <strong><span style=\"color: #3366ff;\"><a style=\"color: #3366ff;\" href=\"https:\/\/www.linkedin.com\/in\/carlos-m%C3%A9ndez-mu%C3%B1oz-abogado-01b2b2a8\" target=\"_blank\" rel=\"noopener\">LinkedIn<\/a><\/span>.<\/strong><\/p>\n<\/div><\/section>\n<div  class='hr av-2t5ei5-91cee266951add2384793214faf0ffcc hr-short  avia-builder-el-5  el_after_av_textblock  el_before_av_textblock  hr-center'><span class='hr-inner '><span class=\"hr-inner-style\"><\/span><\/span><\/div>\n<section  class='av_textblock_section av-lfsopcsr-7c6a3304817a5c05a76f6bbb808788c5'  itemscope=\"itemscope\" itemtype=\"https:\/\/schema.org\/CreativeWork\" ><div class='avia_textblock'  itemprop=\"text\" ><h3><strong>Jos\u00e9 Antonio L\u00f3pez de Toro Rodr\u00edguez<\/strong><\/h3>\n<p><img loading=\"lazy\" decoding=\"async\" class=\"size-full wp-image-3407 alignleft\" src=\"https:\/\/karuanabogados.com\/wp-content\/uploads\/2023\/05\/jose-antonio-lopez-de-toro.jpg\" alt=\"\" width=\"254\" height=\"340\" srcset=\"https:\/\/karuanabogados.com\/wp-content\/uploads\/2023\/05\/jose-antonio-lopez-de-toro.jpg 254w, https:\/\/karuanabogados.com\/wp-content\/uploads\/2023\/05\/jose-antonio-lopez-de-toro-224x300.jpg 224w\" sizes=\"auto, (max-width: 254px) 100vw, 254px\" \/>Licenciado en Derecho por la Universidad Aut\u00f3noma de Madrid. Inici\u00f3 su carrera profesional como Oficial de Procurador de los Tribunales y Juzgados de Madrid capital. Posteriormente, decide explorar en el \u00e1mbito privado como especialista en derecho de la construcci\u00f3n y urban\u00edstica. Su s\u00f3lido criterio jur\u00eddico y experiencia en litigios le motiv\u00f3 a fundar el Despacho M\u00e9ndez &amp; L\u00f3pez de Toro, d\u00f3nde actualmente se desarrolla como Director Jur\u00eddico y l\u00edder del Departamento Legal y Laboral. Ha participado en charlas, coloquios y programas de radio en calidad de experto legal en el \u00e1rea mercantil y penal.<\/p>\n<p>Ver perfil en <strong><span style=\"color: #3366ff;\"><a style=\"color: #3366ff;\" href=\"https:\/\/www.linkedin.com\/in\/jose-antonio-l%C3%B3pez-de-toro-rodriguez-9138b1b9\" target=\"_blank\" rel=\"noopener\">LinkedIn<\/a><\/span>.<\/strong><\/p>\n<\/div><\/section>\n<div  class='hr av-5pkekt-800777f56318fce3792b54a1d6f53a82 hr-short  avia-builder-el-7  el_after_av_textblock  el_before_av_textblock  hr-center'><span class='hr-inner '><span class=\"hr-inner-style\"><\/span><\/span><\/div>\n<section  class='av_textblock_section av-lfvbhcrt-2fb99ef7196fef6b997d2068d0ca3c6d'  itemscope=\"itemscope\" itemtype=\"https:\/\/schema.org\/CreativeWork\" ><div class='avia_textblock'  itemprop=\"text\" ><h3><strong>Rub\u00e9n Lara Tijer\u00edn<\/strong><\/h3>\n<p><img loading=\"lazy\" decoding=\"async\" class=\"size-full wp-image-3390 alignleft\" src=\"https:\/\/iniziar.com\/karuanabogados\/wp-content\/uploads\/2023\/04\/equipo-ruben-laja-tijerin.jpg\" alt=\"\" width=\"254\" height=\"340\" srcset=\"https:\/\/karuanabogados.com\/wp-content\/uploads\/2023\/04\/equipo-ruben-laja-tijerin.jpg 254w, https:\/\/karuanabogados.com\/wp-content\/uploads\/2023\/04\/equipo-ruben-laja-tijerin-224x300.jpg 224w\" sizes=\"auto, (max-width: 254px) 100vw, 254px\" \/>Abogado Licenciado por la Universidad Complutense de Madrid, diplomado en la Escuela de Pr\u00e1ctica Jur\u00eddica en Derecho Tributario y especializado adem\u00e1s en Derecho Financiero.<\/p>\n<p>Su experiencia y profesi\u00f3n siempre se han forjado en la creaci\u00f3n y gesti\u00f3n de Proyectos, socio-econ\u00f3micos. Sus primeros proyectos se iniciaron en el Sector de la Educaci\u00f3n, donde gestion\u00f3 como Coordinador diferentes programas dentro del \u00e1mbito de Servicios Sociales, teniendo que residir en Francia \u201cEstrasburgo\u201d durante 9 meses para Intercambiar conocimientos y metodolog\u00edas con Entidades Francesas. Con tan s\u00f3lo 20 a\u00f1os, fund\u00f3 su primera Asociaci\u00f3n, sociocultural, especializ\u00e1ndose posteriormente en esta materia dentro del Derecho Tributario y Laboral, participando en Conferencias en este sector.<\/p>\n<p>Durante 4 a\u00f1os, fue responsable de Secci\u00f3n dentro de una cadena de establecimientos de una gran superficie, donde adquiri\u00f3 sus conocimientos en Estrategia de Negocio y Venta, para posteriormente recaer en una Entidad Financiera, donde trabaj\u00f3 durante 8 a\u00f1os de Director de Empresas, donde adquiri\u00f3 sus conocimientos en An\u00e1lisis de Estados econ\u00f3mico-financieros y su incidencia en las decisiones empresariales.<\/p>\n<p>En 2011, constituy\u00f3 su primera empresa, una Asesor\u00eda Jur\u00eddica especializa en Derecho Fiscal y Laboral y desde entonces ejerce de Asesor Jur\u00eddico para empresas, para la Creaci\u00f3n de nuevos proyectos, mejora en la rentabilidad y eficiencia de las Sociedades y sobre todo su situaci\u00f3n fiscal.<\/p>\n<\/div><\/section>\n<div  class='hr av-3aoejx-f2e96be63a0e3da443c1b06f21e45d97 hr-short  avia-builder-el-9  el_after_av_textblock  el_before_av_textblock  hr-center'><span class='hr-inner '><span class=\"hr-inner-style\"><\/span><\/span><\/div>\n<section  class='av_textblock_section av-lfsp0ex4-eca8118e0969ecf4b2c884d441ef0f6a'  itemscope=\"itemscope\" itemtype=\"https:\/\/schema.org\/CreativeWork\" ><div class='avia_textblock'  itemprop=\"text\" ><h3><strong>Natalia Ceciliano Gonz\u00e1lez<\/strong><\/h3>\n<p><img loading=\"lazy\" decoding=\"async\" class=\"size-full wp-image-3406 alignleft\" src=\"https:\/\/karuanabogados.com\/wp-content\/uploads\/2023\/05\/natalia-ceciliano.jpg\" alt=\"\" width=\"254\" height=\"340\" srcset=\"https:\/\/karuanabogados.com\/wp-content\/uploads\/2023\/05\/natalia-ceciliano.jpg 254w, https:\/\/karuanabogados.com\/wp-content\/uploads\/2023\/05\/natalia-ceciliano-224x300.jpg 224w\" sizes=\"auto, (max-width: 254px) 100vw, 254px\" \/>Abogada licenciada en la Universidad Rey Juan Carlos de Madrid y perteneciente al Ilustre Colegio de Abogados de Madrid. Especializada en Derecho Civil y Laboral. Con una trayectoria profesional de 8 a\u00f1os como abogada ejerciente e igualmente, en el Turno de Oficio Civil en la Comunidad de Madrid.<br \/>\nEn su trayectoria profesional se han consolidado dos principales valores, la profesionalidad y rigurosidad en su trabajo a fin de obtener el \u00e9xito demandado por el cliente.<\/p>\n<p>Ver perfil en <strong><span style=\"color: #3366ff;\"><a style=\"color: #3366ff;\" href=\"https:\/\/www.linkedin.com\/in\/natalia-ceciliano-gonz%C3%A1lez-7a8385255\" target=\"_blank\" rel=\"noopener\">LinkedIn<\/a><\/span>.<\/strong><\/p>\n<\/div><\/section>\n<div  class='hr av-4ht9bx-c828456df908b9eab84dbd4138fdc305 hr-short  avia-builder-el-11  el_after_av_textblock  el_before_av_textblock  hr-center'><span class='hr-inner '><span class=\"hr-inner-style\"><\/span><\/span><\/div>\n<section  class='av_textblock_section av-2pwsz1-6f4afa833cde6221682d1c0c6c11d71d'  itemscope=\"itemscope\" itemtype=\"https:\/\/schema.org\/CreativeWork\" ><div class='avia_textblock'  itemprop=\"text\" ><h3><strong>Mar\u00eda Tijerin Bravo<\/strong><\/h3>\n<p><img loading=\"lazy\" decoding=\"async\" class=\"size-full wp-image-3362 alignleft\" src=\"https:\/\/iniziar.com\/karuanabogados\/wp-content\/uploads\/2023\/03\/equipo-maria-tijerin-bravo.jpg\" alt=\"\" width=\"254\" height=\"340\" srcset=\"https:\/\/karuanabogados.com\/wp-content\/uploads\/2023\/03\/equipo-maria-tijerin-bravo.jpg 254w, https:\/\/karuanabogados.com\/wp-content\/uploads\/2023\/03\/equipo-maria-tijerin-bravo-224x300.jpg 224w\" sizes=\"auto, (max-width: 254px) 100vw, 254px\" \/>Licenciada en ADE por Universidad a Distancia Madrid. Formada en m\u00faltiples cursos relacionados con la Gesti\u00f3n administrativa pura y dura. Formaci\u00f3n sobre RRHH, contabilidad, PRL, LPD y planes de igualdad.<\/p>\n<p>Coordinadora Administrativa en Atento, un<em> call center<\/em> del grupo Telef\u00f3nica donde desarroll\u00f3 dotes de coordinaci\u00f3n, competencia, organizaci\u00f3n, supervisi\u00f3n. Asistente contable en la Fundaci\u00f3n ISR, fundaci\u00f3n dedicada plenamente a la gesti\u00f3n de los residuos, all\u00ed pudo aplicar sus conocimientos como contable y gestora laboral. De all\u00ed dio un salto cualitativo y cuantitativo, al mundo inmobiliario, donde durante 4 a\u00f1os descubri\u00f3 la gesti\u00f3n comercial, coordinaci\u00f3n de un equipo multidisciplinar de EPIS, compraventa de inmuebles, conocimiento de la ley de compra venta as\u00ed como de arrendamientos urbanos. Finalmente lleg\u00f3 al mundo de la asesor\u00eda jur\u00eddica, contable, fiscal y laboral. En la asesor\u00eda tuvo la posibilidad de descubrir\u00a0 la gesti\u00f3n laboral, pr\u00e1cticamente a diario con cambios constantes en la legislaci\u00f3n, en la gesti\u00f3n, en como atender al cliente y en como relacionarte con ellos. Doce a\u00f1os de aprendizaje, de gestionar, de aprovechar los medios que la administraci\u00f3n pon\u00eda a su disposici\u00f3n. Estos a\u00f1os la han convertido en una experta en gesti\u00f3n de n\u00f3minas, seguros sociales, conocimiento de SILTR@, CONTRAT@, CASSIA, SISTEMA RED, DELT@, IT\u2019S, ERTES, elaboraci\u00f3n de contratos, liquidaciones y finiquitos, presentaci\u00f3n de modelos 111 y 190, listado comparativa de brecha salarial, gesti\u00f3n de peque\u00f1os y grandes clientes, etc.<\/p>\n<p>Ver perfil en <strong><span style=\"color: #3366ff;\"><a style=\"color: #3366ff;\" href=\"https:\/\/www.linkedin.com\/in\/maria-tijerin-bravo-060b4b4a\" target=\"_blank\" rel=\"noopener\">LinkedIn<\/a><\/span>.<\/strong><\/p>\n<\/div><\/section>\n<div  class='hr av-221bm5-305918113918a1f19fb5d1a409295c50 hr-short  avia-builder-el-13  el_after_av_textblock  el_before_av_textblock  hr-center'><span class='hr-inner '><span class=\"hr-inner-style\"><\/span><\/span><\/div>\n<section  class='av_textblock_section av-lfsorq8h-64cb802fd9eacdce97dbed065d892098'  itemscope=\"itemscope\" itemtype=\"https:\/\/schema.org\/CreativeWork\" ><div class='avia_textblock'  itemprop=\"text\" ><h3>Roc\u00edo de los \u00c1ngeles Recalde Viteri<\/h3>\n<p><img loading=\"lazy\" decoding=\"async\" class=\"size-full wp-image-3361 alignleft\" src=\"https:\/\/iniziar.com\/karuanabogados\/wp-content\/uploads\/2023\/03\/equipo-rocio.jpg\" alt=\"\" width=\"254\" height=\"340\" srcset=\"https:\/\/karuanabogados.com\/wp-content\/uploads\/2023\/03\/equipo-rocio.jpg 254w, https:\/\/karuanabogados.com\/wp-content\/uploads\/2023\/03\/equipo-rocio-224x300.jpg 224w\" sizes=\"auto, (max-width: 254px) 100vw, 254px\" \/>Abogada graduada por la Universidad Nacional de Educaci\u00f3n a Distancia UNED, M\u00e1ster con Especialidad en Derecho Penal y Extranjer\u00eda.<\/p>\n<p>Destaca en el \u00e1mbito penal por su continua formaci\u00f3n a trav\u00e9s del Seminario Internacional Permanente de Derecho Penal y Criminolog\u00eda de la UNED, as\u00ed como su formaci\u00f3n como doctoranda en Derecho Penal; Diplomada en el estudio de los Delitos de odio; tambi\u00e9n ha cursado estudios sobre las tendencias actuales en Pol\u00edtica Criminal de la mano de Don Juan Jos\u00e9 Medina Ariza, Professor of Quantitative Criminology Center for Criminology and Criminal Justice (School Law) University of Manchester. Diplomada por la Institut an der FernUniversit\u00e4t in Hagen en Rhetorical Analysis of Law and Dissertation Writin. Especialmente comprometida con la formaci\u00f3n docente, forma parte del cuerpo de asesores de Centros Penitenciarios, actualmente es asesora en el Centro Penitenciario Madrid I de Alcal\u00e1-Meco (mujeres).<\/p>\n<p>Especialista en materia de extranjer\u00eda, Diplomada en Movimientos Migratorios, ha cooperado con el Ilustre Colegio de Abogados de Madrid en colaboraci\u00f3n con la Comunidad de Madrid y los Centros de Participaci\u00f3n e Integraci\u00f3n de Inmigrantes impartiendo el curso Conoce tus Leyes y con los cuerpos diplom\u00e1ticos de distintos pa\u00edses especialmente Am\u00e9rica Latina, China y Marruecos.<\/p>\n<p>Su andadura profesional en solitario inici\u00f3 en 2015 con el objetivo claro de dar un servicio eficaz dentro de las \u00e1reas de su especialidad, ofreciendo al cliente un trato personalizado y planteando las mejores estrategias para la consecuci\u00f3n de los objetivos buscados.<\/p>\n<\/div><\/section>\n","protected":false},"excerpt":{"rendered":"","protected":false},"author":1,"featured_media":0,"parent":0,"menu_order":0,"comment_status":"closed","ping_status":"closed","template":"","meta":{"footnotes":""},"class_list":["post-3293","page","type-page","status-publish","hentry"],"_links":{"self":[{"href":"https:\/\/karuanabogados.com\/index.php?rest_route=\/wp\/v2\/pages\/3293","targetHints":{"allow":["GET"]}}],"collection":[{"href":"https:\/\/karuanabogados.com\/index.php?rest_route=\/wp\/v2\/pages"}],"about":[{"href":"https:\/\/karuanabogados.com\/index.php?rest_route=\/wp\/v2\/types\/page"}],"author":[{"embeddable":true,"href":"https:\/\/karuanabogados.com\/index.php?rest_route=\/wp\/v2\/users\/1"}],"replies":[{"embeddable":true,"href":"https:\/\/karuanabogados.com\/index.php?rest_route=%2Fwp%2Fv2%2Fcomments&post=3293"}],"version-history":[{"count":20,"href":"https:\/\/karuanabogados.com\/index.php?rest_route=\/wp\/v2\/pages\/3293\/revisions"}],"predecessor-version":[{"id":3414,"href":"https:\/\/karuanabogados.com\/index.php?rest_route=\/wp\/v2\/pages\/3293\/revisions\/3414"}],"wp:attachment":[{"href":"https:\/\/karuanabogados.com\/index.php?rest_route=%2Fwp%2Fv2%2Fmedia&parent=3293"}],"curies":[{"name":"wp","href":"https:\/\/api.w.org\/{rel}","templated":true}]}}